{"id":143,"date":"2016-09-24T01:55:05","date_gmt":"2016-09-24T01:55:05","guid":{"rendered":"http:\/\/sw-themes.com\/porto_dummy\/?page_id=143"},"modified":"2021-02-17T13:03:53","modified_gmt":"2021-02-17T16:03:53","slug":"metalurgicacampinas","status":"publish","type":"page","link":"https:\/\/agudo.com.br\/","title":{"rendered":"Home"},"content":{"rendered":"<p>[vc_row gap=&#8221;1&#8243; wrap_container=&#8221;yes&#8221; el_class=&#8221;medical-schedules&#8221;][vc_column width=&#8221;1\/3&#8243; animation_delay=&#8221;600&#8243; el_class=&#8221;box-two background-color-tertiary&#8221; animation_type=&#8221;fadeInLeft&#8221; offset=&#8221;vc_col-md-3&#8243;][vc_column_text]<\/p>\n<h5 class=\"m-n text-uppercase\"><a title=\"\">Tradi\u00e7\u00e3o<i class=\"Simple-Line-Icons-arrow-right-circle\"><\/i><\/a><\/h5>\n<p>[\/vc_column_text][\/vc_column][vc_column width=&#8221;1\/3&#8243; animation_delay=&#8221;1200&#8243; el_class=&#8221;box-three background-color-primary&#8221; animation_type=&#8221;fadeInLeft&#8221; offset=&#8221;vc_col-md-3&#8243; css=&#8221;.vc_custom_1613573995327{background-color: rgba(255,255,255,0.01) !important;*background-color: rgb(255,255,255) !important;}&#8221;][vc_column_text]<\/p>\n<h5 class=\"m-n text-uppercase\"><a title=\"\"><span style=\"color: #333333;\">Qualidade<\/span><i class=\"Simple-Line-Icons-arrow-right-circle\"><\/i><\/a><\/h5>\n<p>[\/vc_column_text][\/vc_column][vc_column width=&#8221;1\/3&#8243; animation_delay=&#8221;1800&#8243; el_class=&#8221;box-four background-color-secondary&#8221; animation_type=&#8221;fadeInLeft&#8221; offset=&#8221;vc_col-md-3&#8243;]<div class=\"porto-feature-box wpb_content_element  m-b-none\"><div class=\"feature-box feature-box-style-2\"><div class=\"feature-box-icon\"><i class=\"Simple-Line-Icons-call-out\" style=\"font-size:28px\"><\/i><\/div><div class=\"feature-box-info\">[vc_column_text]<label class=\"font-weight-light\">Informa\u00e7\u00f5es\u00a0<\/label><strong class=\"font-weight-normal\">(19) 3257-1577<\/strong>[\/vc_column_text]<\/div><\/div><\/div>[\/vc_column][\/vc_row][vc_row wrap_container=&#8221;yes&#8221; is_section=&#8221;yes&#8221; section_skin=&#8221;parallax&#8221; remove_margin_top=&#8221;yes&#8221; remove_margin_bottom=&#8221;yes&#8221; remove_border=&#8221;yes&#8221;][vc_column width=&#8221;2\/3&#8243; offset=&#8221;vc_col-md-8&#8243;][vc_custom_heading text=&#8221;Agudo Metal\u00fargica&#8221; use_theme_fonts=&#8221;yes&#8221; el_class=&#8221;m-t-md m-b-xs&#8221;][vc_column_text el_class=&#8221;lead&#8221;]<span style=\"color: #333333;\">Servi\u00e7os de torno, fresa, solda, projetos, fabrica\u00e7\u00e3o e reforma de m\u00e1quinas, pe\u00e7as e\u00a0 equipamentos.<\/span>[\/vc_column_text][vc_column_text]<\/p>\n<p align=\"justify\">Desde o ano 2000\u00a0a Agudo\u00a0Metal\u00fargica \u00e9 uma empresa equipada para a executar\u00a0diversos servi\u00e7os de manuten\u00e7\u00e3o industrial e usinagem, atendendo diversos segmentos da ind\u00fastria nacional.<\/p>\n<p align=\"justify\">\u00a0Trabalhamos com um alto \u00edndice de satisfa\u00e7\u00e3o de nossos clientes. Temos foco total em redu\u00e7\u00e3o de custo, qualidade e prazo de entrega. Produzimos <a href=\"http:\/\/agudo.com.br\/pecas\/\">pe\u00e7as<\/a> usinadas seriadas, n\u00e3o seriadas e alta produ\u00e7\u00e3o.\u00a0<a href=\"http:\/\/agudo.com.br\/maquinas\/\">M\u00e1quinas e equipamentos<\/a> espec\u00edficos para diferentes segmentos industriais.<\/p>\n<p align=\"justify\">Temos uma longa experi\u00eancia desenvolvendo <a href=\"http:\/\/agudo.com.br\/manutencaoindustrial\/\">projetos t\u00e9cnicos<\/a> em v\u00e1rios segmentos da ind\u00fastria, tais como:, Aliment\u00edcias, Qu\u00edmicas, Veterin\u00e1rias, Odontol\u00f3gicas, Farmac\u00eauticas, entre outras.<\/p>\n<p>[\/vc_column_text][\/vc_column][vc_column width=&#8221;1\/3&#8243; offset=&#8221;vc_col-md-4&#8243;][vc_single_image image=&#8221;794&#8243; img_size=&#8221;361&#215;300&#8243; alignment=&#8221;center&#8221; el_class=&#8221;box-shadow-custom inline-block m-t-md m-b-md&#8221;][\/vc_column][\/vc_row][vc_row wrap_container=&#8221;yes&#8221; is_section=&#8221;yes&#8221; section_skin=&#8221;parallax&#8221; remove_margin_top=&#8221;yes&#8221; remove_margin_bottom=&#8221;yes&#8221; remove_padding_bottom=&#8221;yes&#8221; remove_border=&#8221;yes&#8221;][vc_column][vc_custom_heading text=&#8221;Projetos Desenvolvidos&#8221; use_theme_fonts=&#8221;yes&#8221; el_class=&#8221;m-b-xs m-t-md&#8221;]<div class=\"porto-recent-members wpb_content_element \">\n    <div class=\"page-members\">\n            <div id=\"memberAjaxBox\" class=\"ajax-box\">\n            <div class=\"bounce-loader\">\n                <div class=\"bounce1\"><\/div>\n                <div class=\"bounce2\"><\/div>\n                <div class=\"bounce3\"><\/div>\n            <\/div>\n            <div class=\"ajax-box-content\" id=\"memberAjaxBoxContent\"><\/div>\n\n                            <div class=\"hide ajax-content-append\"><h4 class=\"m-t-sm m-b-lg\">More Doctors:<\/h4><\/div>\n                    <\/div>\n    \n    <div class=\"row\">\n        <div class=\"member-carousel porto-carousel owl-carousel show-nav-title\" data-plugin-options=\"{&quot;themeConfig&quot;:true,&quot;nav&quot;:&quot;yes&quot;,&quot;dots&quot;:false,&quot;lg&quot;:4,&quot;md&quot;:3,&quot;sm&quot;:2,&quot;loop&quot;:false}\">\n            <div class=\"member-slide\">        \n        \n        <div class=\"member-item  align-center member-item-2\">\n            <span class=\"thumb-info thumb-info-hide-wrapper-bg\">\n                \n                    <span class=\"thumb-info-wrapper \">\n                    \t<span class=\"thumb-member-container\">\n                    \t<a class=\"text-decoration-none member-image\" href=\"https:\/\/agudo.com.br\/?member=videos\" data-ajax-on-page>\n                        <img loading=\"lazy\" decoding=\"async\" class=\"img-responsive\" width=\"500\" height=\"500\" src=\"https:\/\/agudo.com.br\/wp-content\/uploads\/2016\/09\/esteira-rotuladeira.jpg\" alt=\"\" \/>\n                         <\/a>\n\t\t\t\t\t\t                          <\/span>\n                       <a class=\"text-decoration-none member-info-container\" href=\"https:\/\/agudo.com.br\/?member=videos\" data-ajax-on-page>       \n                                                                <\/a>\n                    <\/span> <!--Thumb info wrapper end-->\n                    <a class=\"text-decoration-none member-info-container\" href=\"https:\/\/agudo.com.br\/?member=videos\" data-ajax-on-page>\n                                    <h4 class=\"m-t-md m-b-sm\">Esteira Rotuladeira<\/h4>\n                                                                    <\/a><!-- Global link end -->\n           \n           \n           \n                        <\/span>\n        <\/div>\n    <\/div><div class=\"member-slide\">        \n        \n        <div class=\"member-item  align-center member-item-2\">\n            <span class=\"thumb-info thumb-info-hide-wrapper-bg\">\n                \n                    <span class=\"thumb-info-wrapper \">\n                    \t<span class=\"thumb-member-container\">\n                    \t<a class=\"text-decoration-none member-image\" href=\"https:\/\/agudo.com.br\/?member=videos-2\" data-ajax-on-page>\n                        <img loading=\"lazy\" decoding=\"async\" class=\"img-responsive\" width=\"500\" height=\"500\" src=\"https:\/\/agudo.com.br\/wp-content\/uploads\/2016\/09\/esteira-transportadora.jpg\" alt=\"\" \/>\n                         <\/a>\n\t\t\t\t\t\t                          <\/span>\n                       <a class=\"text-decoration-none member-info-container\" href=\"https:\/\/agudo.com.br\/?member=videos-2\" data-ajax-on-page>       \n                                                                <\/a>\n                    <\/span> <!--Thumb info wrapper end-->\n                    <a class=\"text-decoration-none member-info-container\" href=\"https:\/\/agudo.com.br\/?member=videos-2\" data-ajax-on-page>\n                                    <h4 class=\"m-t-md m-b-sm\">Esteira Transportadora<\/h4>\n                                                                    <\/a><!-- Global link end -->\n           \n           \n           \n                        <\/span>\n        <\/div>\n    <\/div><div class=\"member-slide\">        \n        \n        <div class=\"member-item  align-center member-item-2\">\n            <span class=\"thumb-info thumb-info-hide-wrapper-bg\">\n                \n                    <span class=\"thumb-info-wrapper \">\n                    \t<span class=\"thumb-member-container\">\n                    \t<a class=\"text-decoration-none member-image\" href=\"https:\/\/agudo.com.br\/?member=videos-3\" data-ajax-on-page>\n                        <img loading=\"lazy\" decoding=\"async\" class=\"img-responsive\" width=\"500\" height=\"500\" src=\"https:\/\/agudo.com.br\/wp-content\/uploads\/2016\/09\/esteira-vira-forma.jpg\" alt=\"\" \/>\n                         <\/a>\n\t\t\t\t\t\t                          <\/span>\n                       <a class=\"text-decoration-none member-info-container\" href=\"https:\/\/agudo.com.br\/?member=videos-3\" data-ajax-on-page>       \n                                                                <\/a>\n                    <\/span> <!--Thumb info wrapper end-->\n                    <a class=\"text-decoration-none member-info-container\" href=\"https:\/\/agudo.com.br\/?member=videos-3\" data-ajax-on-page>\n                                    <h4 class=\"m-t-md m-b-sm\">Esteira Vira-Forma<\/h4>\n                                                                    <\/a><!-- Global link end -->\n           \n           \n           \n                        <\/span>\n        <\/div>\n    <\/div><div class=\"member-slide\">        \n        \n        <div class=\"member-item  align-center member-item-2\">\n            <span class=\"thumb-info thumb-info-hide-wrapper-bg\">\n                \n                    <span class=\"thumb-info-wrapper \">\n                    \t<span class=\"thumb-member-container\">\n                    \t<a class=\"text-decoration-none member-image\" href=\"https:\/\/agudo.com.br\/?member=videos-4\" data-ajax-on-page>\n                        <img loading=\"lazy\" decoding=\"async\" class=\"img-responsive\" width=\"500\" height=\"498\" src=\"https:\/\/agudo.com.br\/wp-content\/uploads\/2016\/09\/passadeira-colo.jpg\" alt=\"\" \/>\n                         <\/a>\n\t\t\t\t\t\t                          <\/span>\n                       <a class=\"text-decoration-none member-info-container\" href=\"https:\/\/agudo.com.br\/?member=videos-4\" data-ajax-on-page>       \n                                                                <\/a>\n                    <\/span> <!--Thumb info wrapper end-->\n                    <a class=\"text-decoration-none member-info-container\" href=\"https:\/\/agudo.com.br\/?member=videos-4\" data-ajax-on-page>\n                                    <h4 class=\"m-t-md m-b-sm\">Passadeira de Colo<\/h4>\n                                                                    <\/a><!-- Global link end -->\n           \n           \n           \n                        <\/span>\n        <\/div>\n    <\/div><div class=\"member-slide\">        \n        \n        <div class=\"member-item  align-center member-item-2\">\n            <span class=\"thumb-info thumb-info-hide-wrapper-bg\">\n                \n                    <span class=\"thumb-info-wrapper \">\n                    \t<span class=\"thumb-member-container\">\n                    \t<a class=\"text-decoration-none member-image\" href=\"https:\/\/agudo.com.br\/?member=videos-5\" data-ajax-on-page>\n                        <img loading=\"lazy\" decoding=\"async\" class=\"img-responsive\" width=\"500\" height=\"498\" src=\"https:\/\/agudo.com.br\/wp-content\/uploads\/2016\/06\/rotuladeira-saco.jpg\" alt=\"\" \/>\n                         <\/a>\n\t\t\t\t\t\t                          <\/span>\n                       <a class=\"text-decoration-none member-info-container\" href=\"https:\/\/agudo.com.br\/?member=videos-5\" data-ajax-on-page>       \n                                                                <\/a>\n                    <\/span> <!--Thumb info wrapper end-->\n                    <a class=\"text-decoration-none member-info-container\" href=\"https:\/\/agudo.com.br\/?member=videos-5\" data-ajax-on-page>\n                                    <h4 class=\"m-t-md m-b-sm\">Rotuladeira para Saco<\/h4>\n                                                                    <\/a><!-- Global link end -->\n           \n           \n           \n                        <\/span>\n        <\/div>\n    <\/div><div class=\"member-slide\">        \n        \n        <div class=\"member-item  align-center member-item-2\">\n            <span class=\"thumb-info thumb-info-hide-wrapper-bg\">\n                \n                    <span class=\"thumb-info-wrapper \">\n                    \t<span class=\"thumb-member-container\">\n                    \t<a class=\"text-decoration-none member-image\" href=\"https:\/\/agudo.com.br\/?member=videos-6\" data-ajax-on-page>\n                        <img loading=\"lazy\" decoding=\"async\" class=\"img-responsive\" width=\"500\" height=\"500\" src=\"https:\/\/agudo.com.br\/wp-content\/uploads\/2016\/06\/maquina-retratil.jpg\" alt=\"\" \/>\n                         <\/a>\n\t\t\t\t\t\t                          <\/span>\n                       <a class=\"text-decoration-none member-info-container\" href=\"https:\/\/agudo.com.br\/?member=videos-6\" data-ajax-on-page>       \n                                                                <\/a>\n                    <\/span> <!--Thumb info wrapper end-->\n                    <a class=\"text-decoration-none member-info-container\" href=\"https:\/\/agudo.com.br\/?member=videos-6\" data-ajax-on-page>\n                                    <h4 class=\"m-t-md m-b-sm\">M\u00e1quina de Cortar Retratil<\/h4>\n                                                                    <\/a><!-- Global link end -->\n           \n           \n           \n                        <\/span>\n        <\/div>\n    <\/div><div class=\"member-slide\">        \n        \n        <div class=\"member-item  align-center member-item-2\">\n            <span class=\"thumb-info thumb-info-hide-wrapper-bg\">\n                \n                    <span class=\"thumb-info-wrapper \">\n                    \t<span class=\"thumb-member-container\">\n                    \t<a class=\"text-decoration-none member-image\" href=\"https:\/\/agudo.com.br\/?member=videos-7\" data-ajax-on-page>\n                        <img loading=\"lazy\" decoding=\"async\" class=\"img-responsive\" width=\"500\" height=\"499\" src=\"https:\/\/agudo.com.br\/wp-content\/uploads\/2016\/06\/alimentador.jpg\" alt=\"\" \/>\n                         <\/a>\n\t\t\t\t\t\t                          <\/span>\n                       <a class=\"text-decoration-none member-info-container\" href=\"https:\/\/agudo.com.br\/?member=videos-7\" data-ajax-on-page>       \n                                                                <\/a>\n                    <\/span> <!--Thumb info wrapper end-->\n                    <a class=\"text-decoration-none member-info-container\" href=\"https:\/\/agudo.com.br\/?member=videos-7\" data-ajax-on-page>\n                                    <h4 class=\"m-t-md m-b-sm\">Alimentador de Energil C EMS<\/h4>\n                                                                    <\/a><!-- Global link end -->\n           \n           \n           \n                        <\/span>\n        <\/div>\n    <\/div><div class=\"member-slide\">        \n        \n        <div class=\"member-item  align-center member-item-2\">\n            <span class=\"thumb-info thumb-info-hide-wrapper-bg\">\n                \n                    <span class=\"thumb-info-wrapper \">\n                    \t<span class=\"thumb-member-container\">\n                    \t<a class=\"text-decoration-none member-image\" href=\"https:\/\/agudo.com.br\/?member=videos-8\" data-ajax-on-page>\n                        <img loading=\"lazy\" decoding=\"async\" class=\"img-responsive\" width=\"500\" height=\"503\" src=\"https:\/\/agudo.com.br\/wp-content\/uploads\/2016\/06\/calandra.jpg\" alt=\"\" \/>\n                         <\/a>\n\t\t\t\t\t\t                          <\/span>\n                       <a class=\"text-decoration-none member-info-container\" href=\"https:\/\/agudo.com.br\/?member=videos-8\" data-ajax-on-page>       \n                                                                <\/a>\n                    <\/span> <!--Thumb info wrapper end-->\n                    <a class=\"text-decoration-none member-info-container\" href=\"https:\/\/agudo.com.br\/?member=videos-8\" data-ajax-on-page>\n                                    <h4 class=\"m-t-md m-b-sm\">Calandra de Fio Chato<\/h4>\n                                                                    <\/a><!-- Global link end -->\n           \n           \n           \n                        <\/span>\n        <\/div>\n    <\/div>        <\/div>\n    <\/div>\n\n    <\/div>\n    <\/div>[\/vc_column][\/vc_row][vc_row wrap_container=&#8221;yes&#8221; is_section=&#8221;yes&#8221; section_skin=&#8221;parallax&#8221; remove_margin_top=&#8221;yes&#8221; remove_margin_bottom=&#8221;yes&#8221; remove_border=&#8221;yes&#8221;][vc_column][vc_custom_heading text=&#8221;Clientes&#8221; use_theme_fonts=&#8221;yes&#8221; el_class=&#8221;m-b-xs m-t-md&#8221;][vc_column_text el_class=&#8221;lead&#8221;]Clientes Atendidos[\/vc_column_text][vc_wp_text]<div  class=\"lgx-logo-slider-wp\"><div class=\"lgx-logo-wrapper  nav-position-b-center hover-default\"  ><div class=\"owl-carousel lgx-logo-carousel\"  data-margin=\"10\"  data-loop=\"true\"  data-autoplay=\"true\"  data-autoplaytimeout=\"500\"  data-lazyload=\"false\"  data-autoplayhoverpause=\"false\"  data-dots=\"true\"  data-smartspeed=\"500\"  data-slidespeed=\"200\"  data-paginationspeed=\"800\"  data-itemlarge=\"5\"  data-itemdesk=\"4\"  data-itemtablet=\"3\"  data-itemmobile=\"2\"  data-navlarge=\"true\"  data-navdesk=\"true\"  data-navtablet=\"true\"  data-navmobile=\"true\"  ><div class=\"item lgx-log-item\" ><div class=\"lgx-logo-item\" ><img decoding=\"async\" class=\"lgx-logo-img\" src=\"https:\/\/agudo.com.br\/wp-content\/uploads\/2024\/11\/logo.png\" style=\"max-width: 350px;max-height: 350px;\"  title=\"Company\" \/><\/div><\/div><div class=\"item lgx-log-item\" ><div class=\"lgx-logo-item\" ><img decoding=\"async\" class=\"lgx-logo-img\" src=\"https:\/\/agudo.com.br\/wp-content\/uploads\/2020\/12\/peccin.jpg\" style=\"max-width: 350px;max-height: 350px;\"  title=\"Company\" \/><\/div><\/div><div class=\"item lgx-log-item\" ><div class=\"lgx-logo-item\" ><img decoding=\"async\" class=\"lgx-logo-img\" src=\"https:\/\/agudo.com.br\/wp-content\/uploads\/2020\/12\/juvis.jpg\" style=\"max-width: 350px;max-height: 350px;\"  title=\"Company\" \/><\/div><\/div><div class=\"item lgx-log-item\" ><div class=\"lgx-logo-item\" ><img decoding=\"async\" class=\"lgx-logo-img\" src=\"https:\/\/agudo.com.br\/wp-content\/uploads\/2020\/12\/interdhange.jpg\" style=\"max-width: 350px;max-height: 350px;\"  title=\"Company\" \/><\/div><\/div><div class=\"item lgx-log-item\" ><div class=\"lgx-logo-item\" ><img decoding=\"async\" class=\"lgx-logo-img\" src=\"https:\/\/agudo.com.br\/wp-content\/uploads\/2020\/12\/emgefaz.jpg\" style=\"max-width: 350px;max-height: 350px;\"  title=\"Company\" \/><\/div><\/div><div class=\"item lgx-log-item\" ><div class=\"lgx-logo-item\" ><img decoding=\"async\" class=\"lgx-logo-img\" src=\"https:\/\/agudo.com.br\/wp-content\/uploads\/2020\/12\/boldrini.jpg\" style=\"max-width: 350px;max-height: 350px;\"  title=\"Company\" \/><\/div><\/div><div class=\"item lgx-log-item\" ><div class=\"lgx-logo-item\" ><img decoding=\"async\" class=\"lgx-logo-img\" src=\"https:\/\/agudo.com.br\/wp-content\/uploads\/2020\/12\/cmc.jpg\" style=\"max-width: 350px;max-height: 350px;\"  title=\"Company\" \/><\/div><\/div><div class=\"item lgx-log-item\" ><div class=\"lgx-logo-item\" ><img decoding=\"async\" class=\"lgx-logo-img\" src=\"https:\/\/agudo.com.br\/wp-content\/uploads\/2020\/12\/canoflez.jpg\" style=\"max-width: 350px;max-height: 350px;\"  title=\"Company\" \/><\/div><\/div><div class=\"item lgx-log-item\" ><div class=\"lgx-logo-item\" ><img decoding=\"async\" class=\"lgx-logo-img\" src=\"https:\/\/agudo.com.br\/wp-content\/uploads\/2016\/09\/1.jpg\" style=\"max-width: 350px;max-height: 350px;\"  title=\"Company\" \/><\/div><\/div><div class=\"item lgx-log-item\" ><div class=\"lgx-logo-item\" ><img decoding=\"async\" class=\"lgx-logo-img\" src=\"https:\/\/agudo.com.br\/wp-content\/uploads\/2016\/09\/3.jpg\" style=\"max-width: 350px;max-height: 350px;\"  title=\"Company\" \/><\/div><\/div><div class=\"item lgx-log-item\" ><div class=\"lgx-logo-item\" ><img decoding=\"async\" class=\"lgx-logo-img\" src=\"https:\/\/agudo.com.br\/wp-content\/uploads\/2016\/09\/4.jpg\" style=\"max-width: 350px;max-height: 350px;\"  title=\"Company\" \/><\/div><\/div><div class=\"item lgx-log-item\" ><div class=\"lgx-logo-item\" ><img decoding=\"async\" class=\"lgx-logo-img\" src=\"https:\/\/agudo.com.br\/wp-content\/uploads\/2016\/09\/5.jpg\" style=\"max-width: 350px;max-height: 350px;\"  title=\"Company\" \/><\/div><\/div><div class=\"item lgx-log-item\" ><div class=\"lgx-logo-item\" ><img decoding=\"async\" class=\"lgx-logo-img\" src=\"https:\/\/agudo.com.br\/wp-content\/uploads\/2016\/09\/6.jpg\" style=\"max-width: 350px;max-height: 350px;\"  title=\"Company\" \/><\/div><\/div><div class=\"item lgx-log-item\" ><div class=\"lgx-logo-item\" ><img decoding=\"async\" class=\"lgx-logo-img\" src=\"https:\/\/agudo.com.br\/wp-content\/uploads\/2016\/09\/8.jpg\" style=\"max-width: 350px;max-height: 350px;\"  title=\"Company\" \/><\/div><\/div><div class=\"item lgx-log-item\" ><div class=\"lgx-logo-item\" ><img decoding=\"async\" class=\"lgx-logo-img\" src=\"https:\/\/agudo.com.br\/wp-content\/uploads\/2016\/09\/7.jpg\" style=\"max-width: 350px;max-height: 350px;\"  title=\"Company\" \/><\/div><\/div><div class=\"item lgx-log-item\" ><div class=\"lgx-logo-item\" ><img decoding=\"async\" class=\"lgx-logo-img\" src=\"https:\/\/agudo.com.br\/wp-content\/uploads\/2016\/09\/10.jpg\" style=\"max-width: 350px;max-height: 350px;\"  title=\"Company\" \/><\/div><\/div><div class=\"item lgx-log-item\" ><div class=\"lgx-logo-item\" ><img decoding=\"async\" class=\"lgx-logo-img\" src=\"https:\/\/agudo.com.br\/wp-content\/uploads\/2016\/09\/2.jpg\" style=\"max-width: 350px;max-height: 350px;\"  title=\"Company\" \/><\/div><\/div><\/div><\/div><\/div>[\/vc_wp_text][\/vc_column][\/vc_row][vc_row full_width=&#8221;stretch_row&#8221; section_skin=&#8221;secondary&#8221; remove_margin_bottom=&#8221;yes&#8221;][vc_column][vc_column_text]<iframe loading=\"lazy\" style=\"border: 0;\" tabindex=\"0\" src=\"https:\/\/www.google.com\/maps\/embed?pb=!1m14!1m8!1m3!1d14710.195820139863!2d-47.041728107470725!3d-22.8191711479092!3m2!1i1024!2i768!4f13.1!3m3!1m2!1s0x0%3A0xafb120d99a17fe40!2sAgudo%20Usinagem%20-%20Campinas!5e0!3m2!1spt-BR!2sbr!4v1603798298121!5m2!1spt-BR!2sbr\" width=\"1920\" height=\"400\" frameborder=\"0\" allowfullscreen=\"allowfullscreen\"><\/iframe>[\/vc_column_text][\/vc_column][\/vc_row]<\/p>\n","protected":false},"excerpt":{"rendered":"<p>[vc_row gap=&#8221;1&#8243; wrap_container=&#8221;yes&#8221; el_class=&#8221;medical-schedules&#8221;][vc_column width=&#8221;1\/3&#8243; animation_delay=&#8221;600&#8243; el_class=&#8221;box-two background-color-tertiary&#8221; animation_type=&#8221;fadeInLeft&#8221; offset=&#8221;vc_col-md-3&#8243;][vc_column_text] Tradi\u00e7\u00e3o [\/vc_column_text][\/vc_column][vc_column width=&#8221;1\/3&#8243; animation_delay=&#8221;1200&#8243; el_class=&#8221;box-three background-color-primary&#8221; animation_type=&#8221;fadeInLeft&#8221; offset=&#8221;vc_col-md-3&#8243; css=&#8221;.vc_custom_1613573995327{background-color: rgba(255,255,255,0.01) !important;*background-color: rgb(255,255,255) !important;}&#8221;][vc_column_text] Qualidade [\/vc_column_text][\/vc_column][vc_column width=&#8221;1\/3&#8243; animation_delay=&#8221;1800&#8243; el_class=&#8221;box-four background-color-secondary&#8221; animation_type=&#8221;fadeInLeft&#8221; offset=&#8221;vc_col-md-3&#8243;][\/vc_column][\/vc_row][vc_row wrap_container=&#8221;yes&#8221; is_section=&#8221;yes&#8221; section_skin=&#8221;parallax&#8221; remove_margin_top=&#8221;yes&#8221; remove_margin_bottom=&#8221;yes&#8221; remove_border=&#8221;yes&#8221;][vc_column width=&#8221;2\/3&#8243; offset=&#8221;vc_col-md-8&#8243;][vc_custom_heading text=&#8221;Agudo Metal\u00fargica&#8221; use_theme_fonts=&#8221;yes&#8221; el_class=&#8221;m-t-md m-b-xs&#8221;][vc_column_text el_class=&#8221;lead&#8221;]Servi\u00e7os de torno, fresa, solda, projetos, fabrica\u00e7\u00e3o e reforma de m\u00e1quinas, [&hellip;]<\/p>\n","protected":false},"author":1,"featured_media":0,"parent":0,"menu_order":0,"comment_status":"closed","ping_status":"closed","template":"","meta":{"footnotes":""},"class_list":["post-143","page","type-page","status-publish","hentry"],"_links":{"self":[{"href":"https:\/\/agudo.com.br\/index.php?rest_route=\/wp\/v2\/pages\/143","targetHints":{"allow":["GET"]}}],"collection":[{"href":"https:\/\/agudo.com.br\/index.php?rest_route=\/wp\/v2\/pages"}],"about":[{"href":"https:\/\/agudo.com.br\/index.php?rest_route=\/wp\/v2\/types\/page"}],"author":[{"embeddable":true,"href":"https:\/\/agudo.com.br\/index.php?rest_route=\/wp\/v2\/users\/1"}],"replies":[{"embeddable":true,"href":"https:\/\/agudo.com.br\/index.php?rest_route=%2Fwp%2Fv2%2Fcomments&post=143"}],"version-history":[{"count":53,"href":"https:\/\/agudo.com.br\/index.php?rest_route=\/wp\/v2\/pages\/143\/revisions"}],"predecessor-version":[{"id":1097,"href":"https:\/\/agudo.com.br\/index.php?rest_route=\/wp\/v2\/pages\/143\/revisions\/1097"}],"wp:attachment":[{"href":"https:\/\/agudo.com.br\/index.php?rest_route=%2Fwp%2Fv2%2Fmedia&parent=143"}],"curies":[{"name":"wp","href":"https:\/\/api.w.org\/{rel}","templated":true}]}}